{"id":804,"date":"2021-04-13T16:46:25","date_gmt":"2021-04-13T14:46:25","guid":{"rendered":"https:\/\/www.lifesuperbiodiesel.eu\/?page_id=804"},"modified":"2022-03-23T17:16:17","modified_gmt":"2022-03-23T16:16:17","slug":"participa","status":"publish","type":"page","link":"https:\/\/www.lifesuperbiodiesel.eu\/es\/participa\/","title":{"rendered":"Participa"},"content":{"rendered":"<div class=\"wpb-content-wrapper\"><p>[vc_row top_padding=\u00bb60&#8243; bottom_padding=\u00bb60&#8243;][vc_column width=\u00bb1\/1&#8243;]<h1 class=\"headline font-special fontsize-xl fontweight-inherit lh-inherit align-center transform-inherit \" style=\"margin: 30px 0 20px 0;\">El objetivo global de este proyecto es implementar un proceso mejorado, sostenible y ecol\u00f3gico de obtenci\u00f3n de biodiesel ecoeficiente de acuerdo con las directivas y normativas vigentes, a partir de materia prima procedente de residuos animales, y aplicando as\u00ed los principios de la econom\u00eda circular.<\/h1>[\/vc_column][\/vc_row][vc_row bottom_padding=\u00bb200&#8243;][vc_column width=\u00bb1\/3&#8243;][vc_tta_accordion style=\u00bbflat\u00bb shape=\u00bbsquare\u00bb color=\u00bbgreen\u00bb spacing=\u00bb4&#8243; gap=\u00bb5&#8243; active_section=\u00bb1&#8243; css_animation=\u00bbbounceInLeft\u00bb no_fill=\u00bbtrue\u00bb collapsible_all=\u00bbtrue\u00bb][vc_tta_section title=\u00bbConsumidores\u00bb tab_id=\u00bb1647605982337-f98a9a6d-411b\u00bb][vc_column_text]El objetivo global de este proyecto es implementar un proceso mejorado, sostenible y ecol\u00f3gico de obtenci\u00f3n de biodiesel ecoeficiente de acuerdo con las directivas y normativas vigentes, a partir de materia prima procedente de residuos animales, y aplicando as\u00ed los principios de la econom\u00eda circular.[\/vc_column_text][\/vc_tta_section][vc_tta_section title=\u00bbEstaciones de servicio\u00bb tab_id=\u00bb1647605982357-c33d3b46-2509&#8243;][vc_column_text]Brinda a tus clientes un biocombustible avanzado, rentable y listo para su uso, que se ajusta a sus necesidades. No necesitas realizar inversiones adicionales ni modificaciones t\u00e9cnicas para un combustible premium, que utilizar\u00e1n todo tipo de flotas.[\/vc_column_text][\/vc_tta_section][vc_tta_section title=\u00bbDistribuidores y comercializadores\u00bb tab_id=\u00bb1647606138836-2d3f700a-288f\u00bb][vc_column_text]Ampl\u00eda tu cartera de productos con un biocombustible avanzado completamente nuevo y ya disponible, compatible con la actual cadena de suministro, sin entra\u00f1ar riesgos medioambientales a\u00f1adidos. Este biocombustible se produce de forma sostenible, superando el marco regulador actual a la vez que cumple todas las expectativas de la demanda.[\/vc_column_text][\/vc_tta_section][vc_tta_section title=\u00bbOperadores mayoristas \/ Productores de biocombustibles\u00bb tab_id=\u00bb1647606178944-423b58fb-eeab\u00bb][vc_column_text]Produce suficiente biocombustible alternativo avanzado de la mejor calidad, a partir de una fuente renovable, mediante el empleo de un proceso qu\u00edmico optimizado con una inversi\u00f3n asequible y m\u00ednimos costes operativos adicionales, lo que permite alcanzar una estructura de costes equilibrada, al tiempo que se contribuye a los objetivos europeos Red II[\/vc_column_text][\/vc_tta_section][vc_tta_section title=\u00bbAsociaciones y federaciones\u00bb tab_id=\u00bb1647606211568-50b1e714-c5a8&#8243;][vc_column_text]\u00danete a la producci\u00f3n innovadora de biodi\u00e9sel y\/o bioestimulante a partir de residuos animales, mediante el empleo de novedosos catalizadores en procesos supercr\u00edticos. El biodi\u00e9sel obtenido no solo cumple con los est\u00e1ndares aplicables, sino que incluso los mejora, lo que puede fomentar futuras pol\u00edticas revolucionarias en relaci\u00f3n con \u00e9l. Pasa la voz a tus asociados acerca de estas metodolog\u00edas sostenibles y completamente nuevas, que hacen posible la producci\u00f3n de biodi\u00e9sel y\/o bioestimulantes, a partir de subproductos animales no aptos para consumo humano, para hacer realidad tanto la econom\u00eda circular como una descarbonizaci\u00f3n cada vez mayor en el sector del transporte.[\/vc_column_text][\/vc_tta_section][vc_tta_section title=\u00bbPlataformas sectoriales y centros tecnol\u00f3gicos\u00bb tab_id=\u00bb1647607352809-cc1aeeed-b461&#8243;][vc_column_text]Mantente al d\u00eda de los principales avances en investigaci\u00f3n, desarrollo de tecnolog\u00eda y demostraciones en las industrias del biocombustible y los bioestimulantes, para permitir el dise\u00f1o de nuevas hojas de ruta que fijen estrategias y prioridades nacionales. Impulsa la innovaci\u00f3n y competitividad de los sectores energ\u00e9tico y agr\u00edcola europeos, a la vez que te enfrentas a los retos sociales dentro de una econom\u00eda circular y verde. Moviliza a los actores para que implanten de manera efectiva el biocombustible y los bioestimulantes mejorados a partir de grasas animales, mediante procesos supercr\u00edticos.[\/vc_column_text][\/vc_tta_section][vc_tta_section title=\u00bbInstituciones europeas y organismos p\u00fablicos\u00bb tab_id=\u00bb1647607403534-8fdd92f1-f496&#8243;][vc_column_text]Un biodi\u00e9sel actual, capaz de ir un paso m\u00e1s all\u00e1 y mejorar los est\u00e1ndares, contribuyendo a respaldar las pol\u00edticas del combustible a largo plazo.[\/vc_column_text][\/vc_tta_section][vc_tta_section title=\u00bbComit\u00e9s de normalizaci\u00f3n\u00bb tab_id=\u00bb1647607459468-0538cf54-aab4&#8243;][vc_column_text]Reunir la informaci\u00f3n para reclasificar el biocombustible (y los bioestimulantes) obtenidos a partir de residuos animales, de tal forma que pueda generar tus est\u00e1ndares y contribuir a que tu comit\u00e9 de normalizaci\u00f3n fije el plan estrat\u00e9gico de negocio para el futuro.[\/vc_column_text][\/vc_tta_section][\/vc_tta_accordion][\/vc_column][vc_column column_center=\u00bbtrue\u00bb text_align=\u00bbcenter\u00bb width=\u00bb1\/3&#8243;]<div class=\"single_image wpb_content_element align-center   image_tilt \" data-animation=\"none\" data-delay=\"0\"><img loading=\"lazy\" decoding=\"async\" width=\"300\" height=\"300\" src=\"https:\/\/www.lifesuperbiodiesel.eu\/wp-content\/uploads\/2021\/01\/logo-cercle-300x300.png\" class=\"attachment-medium\" alt=\"\" title=\"logo-cercle\" srcset=\"https:\/\/www.lifesuperbiodiesel.eu\/wp-content\/uploads\/2021\/01\/logo-cercle-300x300.png 300w, https:\/\/www.lifesuperbiodiesel.eu\/wp-content\/uploads\/2021\/01\/logo-cercle-150x150.png 150w, https:\/\/www.lifesuperbiodiesel.eu\/wp-content\/uploads\/2021\/01\/logo-cercle-768x768.png 768w, https:\/\/www.lifesuperbiodiesel.eu\/wp-content\/uploads\/2021\/01\/logo-cercle-80x80.png 80w, https:\/\/www.lifesuperbiodiesel.eu\/wp-content\/uploads\/2021\/01\/logo-cercle-500x500.png 500w, https:\/\/www.lifesuperbiodiesel.eu\/wp-content\/uploads\/2021\/01\/logo-cercle.png 1000w\" sizes=\"auto, (max-width: 300px) 100vw, 300px\" \/><\/div>[\/vc_column][vc_column width=\u00bb1\/3&#8243;][vc_tta_accordion style=\u00bbflat\u00bb shape=\u00bbsquare\u00bb color=\u00bbgreen\u00bb spacing=\u00bb4&#8243; active_section=\u00bb1&#8243; css_animation=\u00bbbounceInRight\u00bb no_fill=\u00bbtrue\u00bb collapsible_all=\u00bbtrue\u00bb][vc_tta_section title=\u00bbOrganizaciones medioambientales y de consumidores\u00bb tab_id=\u00bb1647607519757-bee4535f-5af1&#8243;][vc_column_text]\u201cBiocombustibles avanzados\u201d que no compiten con la producci\u00f3n alimenticia, no se producen en terrenos agr\u00edcolas existentes, reemplazan a los combustibles f\u00f3siles l\u00edquidos, y de este modo, ayudan a reducir las emisiones de carbono procedentes del sector del transporte. Pueden contribuir a fijar los marcos legislativos y medioambientales, as\u00ed como a reforzar los reguladores y de certificaci\u00f3n.[\/vc_column_text][\/vc_tta_section][vc_tta_section title=\u00bbInversores p\u00fablicos y privados\u00bb tab_id=\u00bb1647607519815-3d828a34-7c36&#8243;][vc_column_text]Pon en marcha un biodi\u00e9sel con escasas necesidades de inversi\u00f3n, producido mediante una tecnolog\u00eda que ha alcanzado su madurez, con materias primas procedentes de recursos renovables que superan los criterios sostenibles reguladores, cumpliendo as\u00ed con los requisitos europeos fijados por la Comisi\u00f3n Europea para la transici\u00f3n global hacia un sector de transporte de bajas emisiones y energ\u00e9ticamente independiente.[\/vc_column_text][\/vc_tta_section][vc_tta_section title=\u00bbMedios de comunicaci\u00f3n\u00bb tab_id=\u00bb1647607519880-62a9eccd-b210&#8243;][vc_column_text]Publica informaci\u00f3n sobre esta cuesti\u00f3n que suscita gran inter\u00e9s, aportando conjuntamente una idea basada en los resultados de la investigaci\u00f3n e innovaci\u00f3n. El consorcio se adapta a las l\u00edneas editoriales de los medios y brinda la posibilidad de entrevistas y cuestionarios.[\/vc_column_text][\/vc_tta_section][vc_tta_section title=\u00bbOtros proyectos relacionados\u00bb tab_id=\u00bb1647607519941-1cef5fd4-ad19&#8243;][vc_column_text]Potencia los resultados de la investigaci\u00f3n de tu proyecto compartiendo las buenas pr\u00e1cticas. Establece tus estrategias de proyecto fijando el conocimiento de utilidad para este, ahorrando tiempo, evitando caer en los mismos errores que los dem\u00e1s y acortando el camino a la soluci\u00f3n del problema. Detecta las lagunas de conocimiento y garantiza una toma de decisiones mejor y m\u00e1s r\u00e1pida, lo que, en \u00faltima instancia mejorar\u00e1 el rendimiento y la productividad de tu proyecto.[\/vc_column_text][\/vc_tta_section][vc_tta_section title=\u00bbSectores auxiliares: proveedores de materia prima\u00bb tab_id=\u00bb1647607520025-c6aed5c9-c8bc\u00bb][vc_column_text]Genera un gran modelo de negocio, nuevo y vanguardista, a partir de los residuos de la cadena de suministro alimentaria. Puedes reducir tus costes vinculados a la gesti\u00f3n de residuos, al tiempo que ganas en competitividad. Contribuye a la econom\u00eda circular y a la sostenibilidad del modelo econ\u00f3mico actual.[\/vc_column_text][\/vc_tta_section][vc_tta_section title=\u00bbPrescriptores y consultores\u00bb tab_id=\u00bb1647607520092-06a0a964-b0d2&#8243;][vc_column_text]Introduce en tus motores combustibles de bajas emisiones de carbono, favoreciendo de ese modo la adopci\u00f3n de los biocombustibles. Este biocombustible no se fabrica a partir de ning\u00fan cultivo, sino de los flujos de residuos actuales, con lo que no compromete los precios de los alimentos. Desempe\u00f1a un papel primordial en la descarbonizaci\u00f3n de las emisiones del transporte por carretera, en lo que respecta a alcanzar las emisiones cero netas. Se ha definido a los biocombustibles como un factor clave, para lograr los objetivos de la UE en energ\u00edas renovables, y los consumidores est\u00e1n presionando para que sea as\u00ed.[\/vc_column_text][\/vc_tta_section][vc_tta_section title=\u00bbP\u00fablico general\u00bb tab_id=\u00bb1647607520162-fe3797c4-133f\u00bb][vc_column_text]P\u00e1sate a los biocombustibles desde el conocimiento, a uno que procede de residuos que no comprometen los precios de los alimentos ni afectan al uso del suelo, que no requiere modificaciones de los motores ni pone en riesgo la seguridad y que, por si fuera poco, se encuentra disponible a un coste regular.[\/vc_column_text][\/vc_tta_section][vc_tta_section title=\u00bbSector del transporte\u00bb tab_id=\u00bb1647607520233-8545bcc7-cd4a\u00bb][vc_column_text]Distingue a tu organizaci\u00f3n, al incluir entre tus combustibles un tipo de biodi\u00e9sel que no compromete el uso de la tierra o los precios alimentarios, ya que procede de los residuos del curtido, a la vez que apoyas la implantaci\u00f3n de las directivas sobre combustibles y los objetivos europeos para la transici\u00f3n global hacia un sector de transporte de bajas emisiones y energ\u00e9ticamente independiente.[\/vc_column_text][\/vc_tta_section][\/vc_tta_accordion][\/vc_column][\/vc_row]<\/p>\n<\/div>","protected":false},"excerpt":{"rendered":"<p>[vc_row top_padding=\u00bb60&#8243; bottom_padding=\u00bb60&#8243;][vc_column width=\u00bb1\/1&#8243;][\/vc_column][\/vc_row][vc_row bottom_padding=\u00bb200&#8243;][vc_column width=\u00bb1\/3&#8243;][vc_tta_accordion style=\u00bbflat\u00bb shape=\u00bbsquare\u00bb color=\u00bbgreen\u00bb spacing=\u00bb4&#8243; gap=\u00bb5&#8243; active_section=\u00bb1&#8243; css_animation=\u00bbbounceInLeft\u00bb no_fill=\u00bbtrue\u00bb collapsible_all=\u00bbtrue\u00bb][vc_tta_section title=\u00bbConsumidores\u00bb tab_id=\u00bb1647605982337-f98a9a6d-411b\u00bb][vc_column_text]El objetivo global de este proyecto es implementar un proceso mejorado, sostenible y ecol\u00f3gico de obtenci\u00f3n de biodiesel ecoeficiente de acuerdo con las directivas y normativas vigentes, a partir de materia prima procedente de residuos animales, y aplicando as\u00ed los principios de la econom\u00eda circular.[\/vc_column_text][\/vc_tta_section][vc_tta_section title=\u00bbEstaciones de servicio\u00bb tab_id=\u00bb1647605982357-c33d3b46-2509&#8243;][vc_column_text]Brinda a tus clientes un biocombustible avanzado, rentable y listo para su uso, que se ajusta a sus necesidades. No necesitas realizar inversiones adicionales ni modificaciones t\u00e9cnicas para un combustible premium, que utilizar\u00e1n todo tipo de flotas.[\/vc_column_text][\/vc_tta_section][vc_tta_section title=\u00bbDistribuidores y comercializadores\u00bb tab_id=\u00bb1647606138836-2d3f700a-288f\u00bb][vc_column_text]Ampl\u00eda tu cartera de productos con un biocombustible avanzado completamente nuevo y ya disponible, compatible con la actual cadena de suministro, sin entra\u00f1ar riesgos medioambientales a\u00f1adidos. Este biocombustible se produce de forma sostenible, superando el marco regulador actual a la vez que cumple todas las expectativas de la demanda.[\/vc_column_text][\/vc_tta_section][vc_tta_section title=\u00bbOperadores mayoristas \/ Productores de biocombustibles\u00bb tab_id=\u00bb1647606178944-423b58fb-eeab\u00bb][vc_column_text]Produce suficiente biocombustible alternativo avanzado de la mejor calidad, a partir de una fuente renovable, mediante el empleo de un proceso qu\u00edmico optimizado con una inversi\u00f3n asequible y m\u00ednimos costes operativos adicionales, lo que permite alcanzar una estructura de costes equilibrada, [&hellip;]<\/p>\n","protected":false},"author":2,"featured_media":765,"parent":0,"menu_order":0,"comment_status":"closed","ping_status":"closed","template":"","meta":{"footnotes":""},"class_list":["post-804","page","type-page","status-publish","has-post-thumbnail","hentry"],"_links":{"self":[{"href":"https:\/\/www.lifesuperbiodiesel.eu\/es\/wp-json\/wp\/v2\/pages\/804","targetHints":{"allow":["GET"]}}],"collection":[{"href":"https:\/\/www.lifesuperbiodiesel.eu\/es\/wp-json\/wp\/v2\/pages"}],"about":[{"href":"https:\/\/www.lifesuperbiodiesel.eu\/es\/wp-json\/wp\/v2\/types\/page"}],"author":[{"embeddable":true,"href":"https:\/\/www.lifesuperbiodiesel.eu\/es\/wp-json\/wp\/v2\/users\/2"}],"replies":[{"embeddable":true,"href":"https:\/\/www.lifesuperbiodiesel.eu\/es\/wp-json\/wp\/v2\/comments?post=804"}],"version-history":[{"count":7,"href":"https:\/\/www.lifesuperbiodiesel.eu\/es\/wp-json\/wp\/v2\/pages\/804\/revisions"}],"predecessor-version":[{"id":1058,"href":"https:\/\/www.lifesuperbiodiesel.eu\/es\/wp-json\/wp\/v2\/pages\/804\/revisions\/1058"}],"wp:featuredmedia":[{"embeddable":true,"href":"https:\/\/www.lifesuperbiodiesel.eu\/es\/wp-json\/wp\/v2\/media\/765"}],"wp:attachment":[{"href":"https:\/\/www.lifesuperbiodiesel.eu\/es\/wp-json\/wp\/v2\/media?parent=804"}],"curies":[{"name":"wp","href":"https:\/\/api.w.org\/{rel}","templated":true}]}}