{"id":794,"date":"2021-04-13T13:45:34","date_gmt":"2021-04-13T11:45:34","guid":{"rendered":"https:\/\/www.lifesuperbiodiesel.eu\/?page_id=794"},"modified":"2025-04-14T09:13:53","modified_gmt":"2025-04-14T07:13:53","slug":"beneficios-medioambientales","status":"publish","type":"page","link":"https:\/\/www.lifesuperbiodiesel.eu\/es\/beneficios-medioambientales\/","title":{"rendered":"Beneficios medioambientales"},"content":{"rendered":"<div class=\"wpb-content-wrapper\"><p>[vc_row top_padding=\u00bb60&#8243; bottom_padding=\u00bb60&#8243;][vc_column animation=\u00bbfade-in-from-left\u00bb width=\u00bb1\/2&#8243;]<div class=\"iconbox  wpb_content_element iconbox-style-2 icon-color-custom color-dark clearfix\"><div class=\"iconbox-icon\"><i class=\"fa fa-leaf boxicon\" style=\"color: #39ba3b;\"><\/i><\/div><div class=\"iconbox-content\"><h3>Diversificaci\u00f3n de materias primas<\/h3><p>\n<ul>\n<li>Diversificaci\u00f3n de materias primas a partir de residuos de bajo valor a\u00f1adido<\/li>\n<\/ul>\n<\/p><\/div><\/div><div class=\"iconbox  wpb_content_element iconbox-style-2 icon-color-custom color-dark clearfix\"><div class=\"iconbox-icon\"><i class=\"fa fa-leaf boxicon\" style=\"color: #39ba3b;\"><\/i><\/div><div class=\"iconbox-content\"><h3>Mejora del rendimiento del proceso<\/h3><p>\n<ul>\n<li>Reducci\u00f3n del coste de purificaci\u00f3n del biodiesel<\/li>\n<li>Reducci\u00f3n del 96% en el consumo de agua en el proceso enzim\u00e1tico desarrollado en comparaci\u00f3n con el convencional<\/li>\n<li>Reducci\u00f3n del 25% en la huella de carbono en el proceso de obtenci\u00f3n de amino\u00e1cidos.<\/li>\n<\/ul>\n<\/p><\/div><\/div><div class=\"iconbox  wpb_content_element iconbox-style-2 icon-color-custom color-dark clearfix\"><div class=\"iconbox-icon\"><i class=\"fa fa-leaf boxicon\" style=\"color: #39ba3b;\"><\/i><\/div><div class=\"iconbox-content\"><h3>Bioestimulantes<\/h3><p>\n<ul>\n<li>Incremento de la tasa de crecimiento de las plantas entre un 35% y un 40%<\/li>\n<li>Validaci\u00f3n de nuevos biostimulantes que cumplan con la normativa aplicable RD109\/2019 y RD 999\/2017<\/li>\n<\/ul>\n<\/p><\/div><\/div>[\/vc_column][vc_column animation=\u00bbfade-in-from-right\u00bb width=\u00bb1\/2&#8243; delay=\u00bb300&#8243;]<div class=\"iconbox  wpb_content_element iconbox-style-2 icon-color-custom color-dark clearfix\"><div class=\"iconbox-icon\"><i class=\"fa fa-leaf boxicon\" style=\"color: #39ba3b;\"><\/i><\/div><div class=\"iconbox-content\"><h3>Biodiesel \u2013 Huella de Carbono<\/h3><p>\n<ul>\n<li>Reducci\u00f3n del 82% en comparaci\u00f3n con el uso de di\u00e9sel f\u00f3sil<\/li>\n<li>Reducci\u00f3n del 91% en las emisiones de NOx<\/li>\n<\/ul>\n<\/p><\/div><\/div><div class=\"iconbox  wpb_content_element iconbox-style-2 icon-color-custom color-dark clearfix\"><div class=\"iconbox-icon\"><i class=\"fa fa-leaf boxicon\" style=\"color: #39ba3b;\"><\/i><\/div><div class=\"iconbox-content\"><h3>Biodiesel \u2013 Rendimiento<\/h3><p>\n<ul>\n<li>Reducci\u00f3n de la purificaci\u00f3n del biodi\u00e9sel debido a la disminuci\u00f3n del subproducto glicerina del 10% en el proceso convencional al 0\u20195%<\/li>\n<li>Reducci\u00f3n del coste de la purificaci\u00f3n del biodi\u00e9sel.<\/li>\n<\/ul>\n<\/p><\/div><\/div>[\/vc_column][\/vc_row]<\/p>\n<\/div>","protected":false},"excerpt":{"rendered":"<p>[vc_row top_padding=\u00bb60&#8243; bottom_padding=\u00bb60&#8243;][vc_column animation=\u00bbfade-in-from-left\u00bb width=\u00bb1\/2&#8243;][\/vc_column][vc_column animation=\u00bbfade-in-from-right\u00bb width=\u00bb1\/2&#8243; delay=\u00bb300&#8243;][\/vc_column][\/vc_row]<\/p>\n","protected":false},"author":2,"featured_media":712,"parent":0,"menu_order":0,"comment_status":"closed","ping_status":"closed","template":"","meta":{"footnotes":""},"class_list":["post-794","page","type-page","status-publish","has-post-thumbnail","hentry"],"_links":{"self":[{"href":"https:\/\/www.lifesuperbiodiesel.eu\/es\/wp-json\/wp\/v2\/pages\/794","targetHints":{"allow":["GET"]}}],"collection":[{"href":"https:\/\/www.lifesuperbiodiesel.eu\/es\/wp-json\/wp\/v2\/pages"}],"about":[{"href":"https:\/\/www.lifesuperbiodiesel.eu\/es\/wp-json\/wp\/v2\/types\/page"}],"author":[{"embeddable":true,"href":"https:\/\/www.lifesuperbiodiesel.eu\/es\/wp-json\/wp\/v2\/users\/2"}],"replies":[{"embeddable":true,"href":"https:\/\/www.lifesuperbiodiesel.eu\/es\/wp-json\/wp\/v2\/comments?post=794"}],"version-history":[{"count":3,"href":"https:\/\/www.lifesuperbiodiesel.eu\/es\/wp-json\/wp\/v2\/pages\/794\/revisions"}],"predecessor-version":[{"id":1446,"href":"https:\/\/www.lifesuperbiodiesel.eu\/es\/wp-json\/wp\/v2\/pages\/794\/revisions\/1446"}],"wp:featuredmedia":[{"embeddable":true,"href":"https:\/\/www.lifesuperbiodiesel.eu\/es\/wp-json\/wp\/v2\/media\/712"}],"wp:attachment":[{"href":"https:\/\/www.lifesuperbiodiesel.eu\/es\/wp-json\/wp\/v2\/media?parent=794"}],"curies":[{"name":"wp","href":"https:\/\/api.w.org\/{rel}","templated":true}]}}