{"id":775,"date":"2021-04-13T12:50:22","date_gmt":"2021-04-13T10:50:22","guid":{"rendered":"https:\/\/www.lifesuperbiodiesel.eu\/?page_id=775"},"modified":"2025-04-08T12:42:51","modified_gmt":"2025-04-08T10:42:51","slug":"inicio","status":"publish","type":"page","link":"https:\/\/www.lifesuperbiodiesel.eu\/es\/","title":{"rendered":"Inicio"},"content":{"rendered":"<div class=\"wpb-content-wrapper\"><p>[vc_row top_padding=\u00bb0&#8243; bg_position=\u00bbleft top\u00bb][vc_column animation=\u00bbfade-in\u00bb width=\u00bb1\/1&#8243;]\n\t\t\t<!-- START Slider home REVOLUTION SLIDER 6.7.29 --><p class=\"rs-p-wp-fix\"><\/p>\n\t\t\t<rs-module-wrap id=\"rev_slider_1_1_wrapper\" data-source=\"gallery\" style=\"visibility:hidden;background:transparent;padding:0;margin:0px auto;margin-top:0;margin-bottom:0;\">\n\t\t\t\t<rs-module id=\"rev_slider_1_1\" style=\"\" data-version=\"6.7.29\">\n\t\t\t\t\t<rs-slides style=\"overflow: hidden; position: absolute;\">\n\t\t\t\t\t\t<rs-slide style=\"position: absolute;\" data-key=\"rs-2\" data-title=\"INICIO\" data-anim=\"ms:1000;r:0;\" data-in=\"o:0;\" data-out=\"a:false;\">\n\t\t\t\t\t\t\t<img decoding=\"async\" src=\"\/\/www.lifesuperbiodiesel.eu\/wp-content\/plugins\/revslider\/sr6\/assets\/assets\/dummy.png\" alt=\"\" title=\"biodiesel-fons2\" width=\"1920\" height=\"715\" class=\"rev-slidebg tp-rs-img rs-lazyload\" data-lazyload=\"\/\/www.lifesuperbiodiesel.eu\/wp-content\/uploads\/2021\/01\/biodiesel-fons2.jpg\" data-bg=\"p:right top;\" data-no-retina>\n<!--\n\t\t\t\t\t\t\t--><rs-layer\n\t\t\t\t\t\t\t\tid=\"slider-1-slide-2-layer-0\" \n\t\t\t\t\t\t\t\tdata-type=\"text\"\n\t\t\t\t\t\t\t\tdata-color=\"#0771b8\"\n\t\t\t\t\t\t\t\tdata-rsp_ch=\"on\"\n\t\t\t\t\t\t\t\tdata-xy=\"x:48px;y:88px;\"\n\t\t\t\t\t\t\t\tdata-text=\"w:normal;s:40;l:48;\"\n\t\t\t\t\t\t\t\tdata-dim=\"minh:0;\"\n\t\t\t\t\t\t\t\tdata-frame_1=\"e:power3.in;st:500;sp:1000;sR:510;\"\n\t\t\t\t\t\t\t\tdata-frame_999=\"o:0;st:w;sR:7490;\"\n\t\t\t\t\t\t\t\tstyle=\"z-index:9;font-family:'Roboto Slab';\"\n\t\t\t\t\t\t\t>Producci\u00f3n de biodi\u00e9sel <br>avanzado a partir de <br>residuos animales mediante <br>tecnolog\u00edas supercr\u00edticas \n\t\t\t\t\t\t\t<\/rs-layer><!--\n\n\t\t\t\t\t\t\t--><rs-layer\n\t\t\t\t\t\t\t\tid=\"slider-1-slide-2-layer-2\" \n\t\t\t\t\t\t\t\tdata-type=\"text\"\n\t\t\t\t\t\t\t\tdata-color=\"#000000\"\n\t\t\t\t\t\t\t\tdata-rsp_ch=\"on\"\n\t\t\t\t\t\t\t\tdata-xy=\"x:47px;y:493px;\"\n\t\t\t\t\t\t\t\tdata-text=\"w:normal;s:44;l:60;\"\n\t\t\t\t\t\t\t\tdata-dim=\"w:1161px;minh:0;\"\n\t\t\t\t\t\t\t\tdata-frame_1=\"e:slow;st:300;sp:600;sR:300;\"\n\t\t\t\t\t\t\t\tdata-frame_999=\"o:0;st:w;sR:8100;\"\n\t\t\t\t\t\t\t\tstyle=\"z-index:10;font-family:'Roboto Slab';\"\n\t\t\t\t\t\t\t>Valorizaci\u00f3n de residuos animales para un <br \/>\nbiodi\u00e9sel ecoeficiente  \n\t\t\t\t\t\t\t<\/rs-layer><!--\n-->\t\t\t\t\t<\/rs-slide>\n\t\t\t\t\t<\/rs-slides>\n\t\t\t\t<\/rs-module>\n\t\t\t\t<script>\n\t\t\t\t\tsetREVStartSize({c: 'rev_slider_1_1',rl:[1240,1024,778,480],el:[700],gw:[1240],gh:[700],type:'standard',justify:'',layout:'fullwidth',mh:\"0\"});if (window.RS_MODULES!==undefined && window.RS_MODULES.modules!==undefined && window.RS_MODULES.modules[\"revslider11\"]!==undefined) {window.RS_MODULES.modules[\"revslider11\"].once = false;window.revapi1 = undefined;if (window.RS_MODULES.checkMinimal!==undefined) window.RS_MODULES.checkMinimal()}\n\t\t\t\t<\/script>\n\t\t\t<\/rs-module-wrap>\n\t\t\t<!-- END REVOLUTION SLIDER -->\n[\/vc_column][\/vc_row][vc_row bg_color=\u00bb#F0F0F0&#8243; top_padding=\u00bb0&#8243; bg_position=\u00bbleft top\u00bb][vc_column width=\u00bb1\/6&#8243;][vc_single_image image=\u00bb1430&#8243; img_size=\u00bbmedium\u00bb onclick=\u00bbcustom_link\u00bb img_link_target=\u00bb_blank\u00bb css_animation=\u00bbbounceInLeft\u00bb css=\u00bb\u00bb link=\u00bbhttps:\/\/www.lifesuperbiodiesel.eu\/wp-content\/uploads\/2025\/04\/informe-Layman-Life-Superbiodiesel-final.pdf\u00bb][\/vc_column][vc_column animation=\u00bbfade-in\u00bb column_center=\u00bbtrue\u00bb text_align=\u00bbcenter\u00bb width=\u00bb5\/6&#8243;]<h1 class=\"headline font-inherit fontsize-xl fontweight-400 lh-16 align-center transform-inherit \" style=\"margin: 0 0 20px 0;\">Valorizando Residuos: Resultados comprensibles del proyecto Life Superbiodiesel<\/h1><a href=\"https:\/\/www.lifesuperbiodiesel.eu\/wp-content\/uploads\/2025\/04\/informe-Layman-Life-Superbiodiesel-final.pdf\" target=\"_blank\" class=\"button custom large \" style=\"background-color: #1E73BE; border-color: #1E73BE;border-radius: 2px;\">Informe Layman<\/a>[\/vc_column][\/vc_row][vc_row bg_color=\u00bb#0771b8&#8243; top_padding=\u00bb30&#8243; bottom_padding=\u00bb40&#8243;][vc_column animation=\u00bbfade-in-from-left\u00bb text_color=\u00bblight\u00bb text_align=\u00bbcenter\u00bb width=\u00bb2\/3&#8243;]<h1 class=\"headline font-special fontsize-xl fontweight-inherit lh-14 align-center transform-inherit \" style=\"margin: 0 0 40px 0;\">\u00bfUtilizar\u00edas un biodi\u00e9sel ecoeficiente generado a partir de residuos procedentes de la industria del curtido? <\/h1><div class=\"video-embed  wpb_content_element\"><iframe loading=\"lazy\" title=\"Proyecto LIFE Superbiodiesel - Planta piloto\" width=\"1161\" height=\"653\" src=\"https:\/\/www.youtube.com\/embed\/I1W20wZ1gvo?feature=oembed\" frameborder=\"0\" allow=\"accelerometer; autoplay; clipboard-write; encrypted-media; gyroscope; picture-in-picture; web-share\" referrerpolicy=\"strict-origin-when-cross-origin\" allowfullscreen><\/iframe><\/div>[\/vc_column][vc_column animation=\u00bbfade-in-from-right\u00bb text_color=\u00bblight\u00bb text_align=\u00bbcenter\u00bb width=\u00bb1\/3&#8243; delay=\u00bb300&#8243;]<h1 class=\"headline font-inherit fontsize-m fontweight-inherit lh-14 align-center transform-inherit \" style=\"margin: 10px 0 60px 20px;\">Un proyecto financiado por LIFE trabaja en una planta piloto que implementa un proceso avanzado, sostenible y ecol\u00f3gico con vistas a una econom\u00eda circular. <\/h1>[vc_column_text]<\/p>\n<h2 style=\"text-align: center;\"><span style=\"color: #ffffff;\"><img loading=\"lazy\" decoding=\"async\" class=\"aligncenter size-full wp-image-874\" src=\"https:\/\/www.lifesuperbiodiesel.eu\/wp-content\/uploads\/2021\/04\/logo-lsbdlife-white-1.png\" alt=\"\" width=\"300\" height=\"274\" \/><\/span><\/h2>\n<p>[\/vc_column_text][\/vc_column][\/vc_row][vc_row top_padding=\u00bb60&#8243; bottom_padding=\u00bb60&#8243;][vc_column animation=\u00bbfade-in-from-bottom\u00bb text_align=\u00bbcenter\u00bb width=\u00bb1\/2&#8243;]<h1 class=\"headline font-special fontsize-xl fontweight-inherit lh-15 align-center transform-inherit \" style=\"margin: 0 0 30px 0;\">Estado actual<\/h1><div class=\"iconbox  wpb_content_element iconbox-style-3 icon-color-accent color-dark\"><img src='https:\/\/www.lifesuperbiodiesel.eu\/wp-content\/uploads\/2021\/01\/fabrica-curtits-e1610552960178.png' class='iconimg' alt='' \/><h3><\/h3><p>\n<h3>En Europa, se gestionan 17 millones de toneladas de subproductos animales (SANDACH). Se producen 2.850.000 de grasas animales de las que una parte se destina a su eliminaci\u00f3n en vertederos o incineradoras. Estas pueden contener sustancias nocivas, por lo que constituyen un problema tanto para el clima como para el medioambiente.<\/h3>\n<\/p><\/div>[\/vc_column][vc_column animation=\u00bbfade-in-from-bottom\u00bb width=\u00bb1\/2&#8243; delay=\u00bb300&#8243;]<h1 class=\"headline font-special fontsize-xl fontweight-inherit lh-15 align-center transform-inherit \" style=\"margin: 0 0 30px 0;\">Objetivo principal<\/h1><div class=\"iconbox  wpb_content_element iconbox-style-3 icon-color-accent color-dark\"><img src='https:\/\/www.lifesuperbiodiesel.eu\/wp-content\/uploads\/2021\/01\/icona-biodiesel-e1610552983362.png' class='iconimg' alt='' \/><h3><\/h3><p>\n<h3>Demostrar a escala de planta piloto la producci\u00f3n de dos tipos de biocombustibles procedentes de residuos de grasa animal. Estos biocombustibles se conseguir\u00e1n gracias a condiciones supercr\u00edticas mediante nueva tecnolog\u00eda catal\u00edtica. Se consiguen as\u00ed ventajas t\u00e9cnicas, medioambientales y econ\u00f3micas en comparaci\u00f3n al proceso tradicional.<\/h3>\n<\/p><\/div>[\/vc_column][\/vc_row][vc_row bg_color=\u00bb#f7f7f7&#8243; top_padding=\u00bb40&#8243; bottom_padding=\u00bb40&#8243;][vc_column width=\u00bb1\/1&#8243;]<h1 class=\"headline font-special fontsize-xxl fontweight-inherit lh-inherit align-left transform-inherit \" style=\"\">\u00daLTIMAS NOTICIAS<\/h1><div class=\"divider divider5\" style='margin:0 0 50px 0 !important;'><\/div><div class=\"latest-blog horizontal clearfix\"><div class=\"latest-blog-list horizontal vc_col-sm-4 clearfix wpb_content_element\">\n\t\t\t\t\t\t\t<div class=\"blog-list-item-date\">18<span>Mar<\/span><\/div>\n\t\t\t\t\t\t  \t<div class=\"blog-list-item-description\">\n\t\t\t\t\t\t\t\t<h3><a href=\"https:\/\/www.lifesuperbiodiesel.eu\/es\/2026\/03\/life-superbiodiesel-en-el-biocircular-summit-2026\/\" title=\"LIFE Superbiodiesel en el BioCircular SUMMIT 2026.\">LIFE Superbiodiesel en el BioCircular SUMMIT 2026.<\/a><\/h3>\n\t\t\t\t\t\t\t  \t<div class=\"blog-list-item-excerpt\">De residuo a recurso estrat\u00e9gico Europa ha fijado un rumbo claro: neutralidad clim\u00e1tica, autonom\u00eda energ\u00e9tica y transici\u00f3n hacia una econom\u00eda verdaderamente circular. Las.. <a href=\"https:\/\/www.lifesuperbiodiesel.eu\/es\/2026\/03\/life-superbiodiesel-en-el-biocircular-summit-2026\/\">Leer m\u00e1s \u2192<\/a><\/div>\n\t\t\t\t\t\t\t<\/div>\n\t\t\t\t\t  \t<\/div><div class=\"latest-blog-list horizontal vc_col-sm-4 clearfix wpb_content_element\">\n\t\t\t\t\t\t\t<div class=\"blog-list-item-date\">10<span>Ene<\/span><\/div>\n\t\t\t\t\t\t  \t<div class=\"blog-list-item-description\">\n\t\t\t\t\t\t\t\t<h3><a href=\"https:\/\/www.lifesuperbiodiesel.eu\/es\/2026\/01\/life-super-biodiesel-en-genera-2025-impulsando-la-innovacion-para-una-transicion-energetica-sostenible\/\" title=\"Life Super Biodiesel en GENERA 2025: Impulsando la Innovaci\u00f3n para una Transici\u00f3n Energ\u00e9tica Sostenible\">Life Super Biodiesel en GENERA 2025: Impulsando la Innovaci\u00f3n para una Transici\u00f3n Energ\u00e9tica Sostenible<\/a><\/h3>\n\t\t\t\t\t\t\t  \t<div class=\"blog-list-item-excerpt\">Del 18 al 20 de noviembre de 2025, el equipo de Life Super Biodiesel estuvo presente en GENERA \u2014 Feria Internacional de Energ\u00eda.. <a href=\"https:\/\/www.lifesuperbiodiesel.eu\/es\/2026\/01\/life-super-biodiesel-en-genera-2025-impulsando-la-innovacion-para-una-transicion-energetica-sostenible\/\">Leer m\u00e1s \u2192<\/a><\/div>\n\t\t\t\t\t\t\t<\/div>\n\t\t\t\t\t  \t<\/div><div class=\"latest-blog-list horizontal vc_col-sm-4 clearfix wpb_content_element\">\n\t\t\t\t\t\t\t<div class=\"blog-list-item-date\">10<span>Ago<\/span><\/div>\n\t\t\t\t\t\t  \t<div class=\"blog-list-item-description\">\n\t\t\t\t\t\t\t\t<h3><a href=\"https:\/\/www.lifesuperbiodiesel.eu\/es\/2025\/08\/el-proyecto-life-superbiodiesel-en-los-talleres-de-descubrimiento-de-innovacion\/\" title=\"El proyecto \u2018Life Superbiodiesel\u2019 en los Talleres de \u2018Descubrimiento\u2019 de Innovaci\u00f3n\">El proyecto \u2018Life Superbiodiesel\u2019 en los Talleres de \u2018Descubrimiento\u2019 de Innovaci\u00f3n<\/a><\/h3>\n\t\t\t\t\t\t\t  \t<div class=\"blog-list-item-excerpt\">El Centro de Innovaci\u00f3n de Moeve realiza una serie de talleres de innovaci\u00f3n denominados Innovation Discovery Workshops con el fin de buscar sinergias.. <a href=\"https:\/\/www.lifesuperbiodiesel.eu\/es\/2025\/08\/el-proyecto-life-superbiodiesel-en-los-talleres-de-descubrimiento-de-innovacion\/\">Leer m\u00e1s \u2192<\/a><\/div>\n\t\t\t\t\t\t\t<\/div>\n\t\t\t\t\t  \t<\/div><\/div>[\/vc_column][\/vc_row][vc_row type=\u00bbfull_width_section\u00bb][vc_column width=\u00bb1\/6&#8243;]<a href=\"\/es\/el-proyecto\/\" target=\"_self\" class=\"catimage wpb_content_element color-light\" style=\"height: 350px;\">\n\t\t\t<span style=\"background-image: url(https:\/\/www.lifesuperbiodiesel.eu\/wp-content\/uploads\/2021\/01\/greix-resultant.jpg); height: 350px;\"><\/span>\n\t\t\t<div class=\"catimage-overlay clearfix\" style=\"height: 350px;\">\n\t\t\t\t<div class=\"catimage-text\">PROYECTO<\/div>\n\t\t\t<\/div><\/a>[\/vc_column][vc_column width=\u00bb1\/6&#8243;]<a href=\"\/es\/beneficios-medioambientales\/\" target=\"_self\" class=\"catimage wpb_content_element color-light\" style=\"height: 350px;\">\n\t\t\t<span style=\"background-image: url(https:\/\/www.lifesuperbiodiesel.eu\/wp-content\/uploads\/2021\/01\/environment.jpg); height: 350px;\"><\/span>\n\t\t\t<div class=\"catimage-overlay clearfix\" style=\"height: 350px;\">\n\t\t\t\t<div class=\"catimage-text\">BENEFICIOS MEDIOAMBIENTALES<\/div>\n\t\t\t<\/div><\/a>[\/vc_column][vc_column width=\u00bb1\/6&#8243;]<a href=\"\/es\/progresos-y-resultados\/\" target=\"_self\" class=\"catimage wpb_content_element color-light\" style=\"height: 350px;\">\n\t\t\t<span style=\"background-image: url(https:\/\/www.lifesuperbiodiesel.eu\/wp-content\/uploads\/2021\/01\/planta-pilot-escala.jpg); height: 350px;\"><\/span>\n\t\t\t<div class=\"catimage-overlay clearfix\" style=\"height: 350px;\">\n\t\t\t\t<div class=\"catimage-text\">PROGRESOS Y RESULTADOS<\/div>\n\t\t\t<\/div><\/a>[\/vc_column][vc_column width=\u00bb1\/6&#8243;]<a href=\"\/es\/consorcio\/\" target=\"_self\" class=\"catimage wpb_content_element color-light\" style=\"height: 350px;\">\n\t\t\t<span style=\"background-image: url(https:\/\/www.lifesuperbiodiesel.eu\/wp-content\/uploads\/2021\/01\/CEPSA_Fabrica-Palos-Fra.jpg); height: 350px;\"><\/span>\n\t\t\t<div class=\"catimage-overlay clearfix\" style=\"height: 350px;\">\n\t\t\t\t<div class=\"catimage-text\">CONSORCIO<\/div>\n\t\t\t<\/div><\/a>[\/vc_column][vc_column width=\u00bb1\/6&#8243;]<a href=\"\/es\/documentos-y-enlaces\/\" target=\"_self\" class=\"catimage wpb_content_element color-light\" style=\"height: 350px;\">\n\t\t\t<span style=\"background-image: url(https:\/\/www.lifesuperbiodiesel.eu\/wp-content\/uploads\/2021\/01\/documentation2.jpg); height: 350px;\"><\/span>\n\t\t\t<div class=\"catimage-overlay clearfix\" style=\"height: 350px;\">\n\t\t\t\t<div class=\"catimage-text\">DOCUMENTOS<\/div>\n\t\t\t<\/div><\/a>[\/vc_column][vc_column width=\u00bb1\/6&#8243;]<a href=\"\/es\/participa\/\" target=\"_self\" class=\"catimage wpb_content_element color-light\" style=\"height: 350px;\">\n\t\t\t<span style=\"background-image: url(https:\/\/www.lifesuperbiodiesel.eu\/wp-content\/uploads\/2021\/01\/get-involved.jpg); height: 350px;\"><\/span>\n\t\t\t<div class=\"catimage-overlay clearfix\" style=\"height: 350px;\">\n\t\t\t\t<div class=\"catimage-text\">INVOL\u00daCRATE<\/div>\n\t\t\t<\/div><\/a>[\/vc_column][\/vc_row]<\/p>\n<\/div>","protected":false},"excerpt":{"rendered":"<p>[vc_row top_padding=\u00bb0&#8243; bg_position=\u00bbleft top\u00bb][vc_column animation=\u00bbfade-in\u00bb width=\u00bb1\/1&#8243;][\/vc_column][\/vc_row][vc_row bg_color=\u00bb#F0F0F0&#8243; top_padding=\u00bb0&#8243; bg_position=\u00bbleft top\u00bb][vc_column width=\u00bb1\/6&#8243;][vc_single_image image=\u00bb1430&#8243; img_size=\u00bbmedium\u00bb onclick=\u00bbcustom_link\u00bb img_link_target=\u00bb_blank\u00bb css_animation=\u00bbbounceInLeft\u00bb css=\u00bb\u00bb link=\u00bbhttps:\/\/www.lifesuperbiodiesel.eu\/wp-content\/uploads\/2025\/04\/informe-Layman-Life-Superbiodiesel-final.pdf\u00bb][\/vc_column][vc_column animation=\u00bbfade-in\u00bb column_center=\u00bbtrue\u00bb text_align=\u00bbcenter\u00bb width=\u00bb5\/6&#8243;][\/vc_column][\/vc_row][vc_row bg_color=\u00bb#0771b8&#8243; top_padding=\u00bb30&#8243; bottom_padding=\u00bb40&#8243;][vc_column animation=\u00bbfade-in-from-left\u00bb text_color=\u00bblight\u00bb text_align=\u00bbcenter\u00bb width=\u00bb2\/3&#8243;][\/vc_column][vc_column animation=\u00bbfade-in-from-right\u00bb text_color=\u00bblight\u00bb text_align=\u00bbcenter\u00bb width=\u00bb1\/3&#8243; delay=\u00bb300&#8243;][vc_column_text] [\/vc_column_text][\/vc_column][\/vc_row][vc_row top_padding=\u00bb60&#8243; bottom_padding=\u00bb60&#8243;][vc_column animation=\u00bbfade-in-from-bottom\u00bb text_align=\u00bbcenter\u00bb width=\u00bb1\/2&#8243;][\/vc_column][vc_column animation=\u00bbfade-in-from-bottom\u00bb width=\u00bb1\/2&#8243; delay=\u00bb300&#8243;][\/vc_column][\/vc_row][vc_row bg_color=\u00bb#f7f7f7&#8243; top_padding=\u00bb40&#8243; bottom_padding=\u00bb40&#8243;][vc_column width=\u00bb1\/1&#8243;][\/vc_column][\/vc_row][vc_row type=\u00bbfull_width_section\u00bb][vc_column width=\u00bb1\/6&#8243;][\/vc_column][vc_column width=\u00bb1\/6&#8243;][\/vc_column][vc_column width=\u00bb1\/6&#8243;][\/vc_column][vc_column width=\u00bb1\/6&#8243;][\/vc_column][vc_column width=\u00bb1\/6&#8243;][\/vc_column][vc_column width=\u00bb1\/6&#8243;][\/vc_column][\/vc_row]<\/p>\n","protected":false},"author":2,"featured_media":700,"parent":0,"menu_order":0,"comment_status":"closed","ping_status":"closed","template":"","meta":{"footnotes":""},"class_list":["post-775","page","type-page","status-publish","has-post-thumbnail","hentry"],"_links":{"self":[{"href":"https:\/\/www.lifesuperbiodiesel.eu\/es\/wp-json\/wp\/v2\/pages\/775","targetHints":{"allow":["GET"]}}],"collection":[{"href":"https:\/\/www.lifesuperbiodiesel.eu\/es\/wp-json\/wp\/v2\/pages"}],"about":[{"href":"https:\/\/www.lifesuperbiodiesel.eu\/es\/wp-json\/wp\/v2\/types\/page"}],"author":[{"embeddable":true,"href":"https:\/\/www.lifesuperbiodiesel.eu\/es\/wp-json\/wp\/v2\/users\/2"}],"replies":[{"embeddable":true,"href":"https:\/\/www.lifesuperbiodiesel.eu\/es\/wp-json\/wp\/v2\/comments?post=775"}],"version-history":[{"count":30,"href":"https:\/\/www.lifesuperbiodiesel.eu\/es\/wp-json\/wp\/v2\/pages\/775\/revisions"}],"predecessor-version":[{"id":1442,"href":"https:\/\/www.lifesuperbiodiesel.eu\/es\/wp-json\/wp\/v2\/pages\/775\/revisions\/1442"}],"wp:featuredmedia":[{"embeddable":true,"href":"https:\/\/www.lifesuperbiodiesel.eu\/es\/wp-json\/wp\/v2\/media\/700"}],"wp:attachment":[{"href":"https:\/\/www.lifesuperbiodiesel.eu\/es\/wp-json\/wp\/v2\/media?parent=775"}],"curies":[{"name":"wp","href":"https:\/\/api.w.org\/{rel}","templated":true}]}}